{"id":127688,"date":"2020-04-21T11:28:32","date_gmt":"2020-04-21T11:28:32","guid":{"rendered":"https:\/\/www.nech5784.odns.fr\/envdev\/laserostop-supports-your-businesses\/"},"modified":"2025-01-03T19:02:42","modified_gmt":"2025-01-03T19:02:42","slug":"arret-du-trabail-en-milieu-de-travail","status":"publish","type":"page","link":"https:\/\/www.laserostop.mu\/fr\/arret-du-trabail-en-milieu-de-travail\/","title":{"rendered":"Arr\u00eat du tabac en milieu de travail"},"content":{"rendered":"\t\t<div data-elementor-type=\"wp-page\" data-elementor-id=\"127688\" class=\"elementor elementor-127688 elementor-2815\" data-elementor-post-type=\"page\">\n\t\t\t\t<div class=\"elementor-element elementor-element-5f755a7 e-flex e-con-boxed e-con e-parent\" data-id=\"5f755a7\" data-element_type=\"container\" data-settings=\"{&quot;background_background&quot;:&quot;classic&quot;}\">\n\t\t\t\t\t<div class=\"e-con-inner\">\n\t\t<div class=\"elementor-element elementor-element-a4c1ca1 e-con-full e-flex e-con e-child\" data-id=\"a4c1ca1\" data-element_type=\"container\">\n\t\t\t\t<div class=\"elementor-element elementor-element-86aa32a elementor-widget elementor-widget-heading\" data-id=\"86aa32a\" data-element_type=\"widget\" data-widget_type=\"heading.default\">\n\t\t\t\t<div class=\"elementor-widget-container\">\n\t\t\t\t\t<h1 class=\"elementor-heading-title elementor-size-default\">Arr\u00eat du tabac en milieu de travail : <span style=\"color: #fff\">laserOstop soutient votre entreprise<\/span>\n\n<\/h1>\t\t\t\t<\/div>\n\t\t\t\t<\/div>\n\t\t\t\t<div class=\"elementor-element elementor-element-ecf6b8f elementor-widget elementor-widget-text-editor\" data-id=\"ecf6b8f\" data-element_type=\"widget\" data-widget_type=\"text-editor.default\">\n\t\t\t\t<div class=\"elementor-widget-container\">\n\t\t\t\t\t\t\t\t\tAvez-vous un probl\u00e8me de tabagisme au sein de votre entreprise? Aider vos employ\u00e9s \u00e0 arr\u00eater de fumer ne concerne pas seulement leur sant\u00e9, mais aussi celle de votre entreprise! De nombreuses entreprises ont pris cette initiative, car le bien-\u00eatre des employ\u00e9s a un impact direct sur la productivit\u00e9, le moral et le succ\u00e8s global.\n\nSoutenez votre \u00e9quipe dans la cr\u00e9ation d&rsquo;un milieu de travail sans fum\u00e9e avec laserOstop. Ensemble, nous pouvons apporter un changement positif!\t\t\t\t\t\t\t\t<\/div>\n\t\t\t\t<\/div>\n\t\t\t\t<\/div>\n\t\t\t\t\t<\/div>\n\t\t\t\t<\/div>\n\t\t<div class=\"elementor-element elementor-element-0723810 e-con-full e-flex e-con e-parent\" data-id=\"0723810\" data-element_type=\"container\" data-settings=\"{&quot;background_background&quot;:&quot;classic&quot;}\">\n\t\t<div class=\"elementor-element elementor-element-e7c6aff e-con-full e-flex e-con e-child\" data-id=\"e7c6aff\" data-element_type=\"container\" data-settings=\"{&quot;background_background&quot;:&quot;classic&quot;}\">\n\t\t\t\t<div class=\"elementor-element elementor-element-65e9023 elementor-widget elementor-widget-spacer\" data-id=\"65e9023\" data-element_type=\"widget\" data-widget_type=\"spacer.default\">\n\t\t\t\t<div class=\"elementor-widget-container\">\n\t\t\t\t\t\t\t<div class=\"elementor-spacer\">\n\t\t\t<div class=\"elementor-spacer-inner\"><\/div>\n\t\t<\/div>\n\t\t\t\t\t\t<\/div>\n\t\t\t\t<\/div>\n\t\t\t\t<\/div>\n\t\t<div class=\"elementor-element elementor-element-53a3dcc e-con-full e-flex e-con e-child\" data-id=\"53a3dcc\" data-element_type=\"container\">\n\t\t<div class=\"elementor-element elementor-element-088d1c2 e-con-full e-flex e-con e-child\" data-id=\"088d1c2\" data-element_type=\"container\" data-settings=\"{&quot;background_background&quot;:&quot;classic&quot;}\">\n\t\t\t\t<div class=\"elementor-element elementor-element-5bf84a6 elementor-widget elementor-widget-heading\" data-id=\"5bf84a6\" data-element_type=\"widget\" data-widget_type=\"heading.default\">\n\t\t\t\t<div class=\"elementor-widget-container\">\n\t\t\t\t\t<h2 class=\"elementor-heading-title elementor-size-default\">Comit\u00e9s en milieu de travail : Passez \u00e0 l'<span style=\"color: #5CC5B3\">action<\/span> pour l'arr\u00eat du tabac !<\/h2>\t\t\t\t<\/div>\n\t\t\t\t<\/div>\n\t\t\t\t<div class=\"elementor-element elementor-element-279917a elementor-widget elementor-widget-text-editor\" data-id=\"279917a\" data-element_type=\"widget\" data-widget_type=\"text-editor.default\">\n\t\t\t\t<div class=\"elementor-widget-container\">\n\t\t\t\t\t\t\t\t\t<p>Saviez-vous qu&rsquo;\u00e0 Maurice, le tabagisme sur le lieu de travail expose de nombreuses personnes \u00e0 des toxines nocives pendant les pauses cigarette ? Au lieu de profiter d&rsquo;un moment pour se d\u00e9tendre et se ressourcer, fumer perturbe leur bien-\u00eatre, leur productivit\u00e9 et leur sant\u00e9 globale.<\/p><p>Prenez les devants pour promouvoir un environnement plus sain, sans fum\u00e9e, pour vos employ\u00e9s. Contactez d\u00e8s aujourd&rsquo;hui le <a href=\"https:\/\/www.laserostop.mu\/fr\/centres-stop-tabac-laserostop-ile-maurice\/\">centre laserOstop<\/a> le plus proche \u00e0 Maurice pour en savoir plus et soutenir votre \u00e9quipe dans son chemin vers l&rsquo;arr\u00eat du tabac.<\/p>\t\t\t\t\t\t\t\t<\/div>\n\t\t\t\t<\/div>\n\t\t\t\t<\/div>\n\t\t\t\t<\/div>\n\t\t\t\t<\/div>\n\t\t<div class=\"elementor-element elementor-element-3c6c63a e-flex e-con-boxed e-con e-parent\" data-id=\"3c6c63a\" data-element_type=\"container\">\n\t\t\t\t\t<div class=\"e-con-inner\">\n\t\t<div class=\"elementor-element elementor-element-64e7795 e-con-full e-flex e-con e-child\" data-id=\"64e7795\" data-element_type=\"container\">\n\t\t\t\t<div class=\"elementor-element elementor-element-479e026 elementor-widget elementor-widget-heading\" data-id=\"479e026\" data-element_type=\"widget\" data-widget_type=\"heading.default\">\n\t\t\t\t<div class=\"elementor-widget-container\">\n\t\t\t\t\t<h3 class=\"elementor-heading-title elementor-size-default\">Ils ont d\u00e9cid\u00e9 de passer \u00e0 l'action\n\n<\/h3>\t\t\t\t<\/div>\n\t\t\t\t<\/div>\n\t\t\t\t<div class=\"elementor-element elementor-element-0a3ace4 elementor-widget elementor-widget-text-editor\" data-id=\"0a3ace4\" data-element_type=\"widget\" data-widget_type=\"text-editor.default\">\n\t\t\t\t<div class=\"elementor-widget-container\">\n\t\t\t\t\t\t\t\t\t<p>Des employ\u00e9s du Groupe Naval, des membres de l&rsquo;Arm\u00e9e, du personnel de la Marine, des agents de la Police nationale et de l\u2019IFPI (Institut de formation param\u00e9dicale et informatique pour les infirmier(e)s) nous <strong>font d\u00e9j\u00e0 confiance<\/strong> et participent activement \u00e0 des initiatives en milieu de travail pour <strong>encourager<\/strong> leurs amis, coll\u00e8gues et familles \u00e0 arr\u00eater de fumer.<\/p><p>Soutenez votre personnel dans cette \u00e9tape importante, <strong>laserOstop<\/strong> est l\u00e0 pour vous <strong>soutenir<\/strong>, y compris dans votre engagement financier.<\/p><p>Le <strong>bien-\u00eatre<\/strong> de vos employ\u00e9s, c\u2019est aussi votre bien-\u00eatre!<\/p><p>N\u2019attendez plus, <strong>contactez<\/strong> nos centres d\u00e8s aujourd\u2019hui. Le changement commence par <strong>VOUS<\/strong>, c\u2019est votre <strong>r\u00f4le<\/strong>!<\/p><p>Prendre des <strong>d\u00e9cisions<\/strong>, guider, <strong>soutenir<\/strong> et prot\u00e9ger font partie des <strong>principes fondamentaux<\/strong> d\u2019un leadership efficace.<\/p>\t\t\t\t\t\t\t\t<\/div>\n\t\t\t\t<\/div>\n\t\t\t\t<\/div>\n\t\t\t\t\t<\/div>\n\t\t\t\t<\/div>\n\t\t<div class=\"elementor-element elementor-element-eb62acd e-flex e-con-boxed e-con e-parent\" data-id=\"eb62acd\" data-element_type=\"container\" data-settings=\"{&quot;background_background&quot;:&quot;classic&quot;}\">\n\t\t\t\t\t<div class=\"e-con-inner\">\n\t\t<div class=\"elementor-element elementor-element-c3dd279 e-con-full e-flex e-con e-child\" data-id=\"c3dd279\" data-element_type=\"container\">\n\t\t\t\t<div class=\"elementor-element elementor-element-e992f62 elementor-align-start elementor-list-item-link-full_width elementor-widget elementor-widget-icon-list\" data-id=\"e992f62\" data-element_type=\"widget\" data-widget_type=\"icon-list.default\">\n\t\t\t\t<div class=\"elementor-widget-container\">\n\t\t\t\t\t\t\t<ul class=\"elementor-icon-list-items\">\n\t\t\t\t\t\t\t<li class=\"elementor-icon-list-item\">\n\t\t\t\t\t\t\t\t\t\t\t<span class=\"elementor-icon-list-icon\">\n\t\t\t\t\t\t\t<i aria-hidden=\"true\" class=\"far fa-check-circle\"><\/i>\t\t\t\t\t\t<\/span>\n\t\t\t\t\t\t\t\t\t\t<span class=\"elementor-icon-list-text\">Arr\u00eater de fumer en 1 s\u00e9ance<\/span>\n\t\t\t\t\t\t\t\t\t<\/li>\n\t\t\t\t\t\t\t\t<li class=\"elementor-icon-list-item\">\n\t\t\t\t\t\t\t\t\t\t\t<span class=\"elementor-icon-list-icon\">\n\t\t\t\t\t\t\t<i aria-hidden=\"true\" class=\"far fa-check-circle\"><\/i>\t\t\t\t\t\t<\/span>\n\t\t\t\t\t\t\t\t\t\t<span class=\"elementor-icon-list-text\">Pas de prise de poids<\/span>\n\t\t\t\t\t\t\t\t\t<\/li>\n\t\t\t\t\t\t\t\t<li class=\"elementor-icon-list-item\">\n\t\t\t\t\t\t\t\t\t\t\t<span class=\"elementor-icon-list-icon\">\n\t\t\t\t\t\t\t<i aria-hidden=\"true\" class=\"far fa-check-circle\"><\/i>\t\t\t\t\t\t<\/span>\n\t\t\t\t\t\t\t\t\t\t<span class=\"elementor-icon-list-text\">Aucun effets secondaires<\/span>\n\t\t\t\t\t\t\t\t\t<\/li>\n\t\t\t\t\t\t<\/ul>\n\t\t\t\t\t\t<\/div>\n\t\t\t\t<\/div>\n\t\t\t\t<\/div>\n\t\t<div class=\"elementor-element elementor-element-20e54c6 e-con-full e-flex e-con e-child\" data-id=\"20e54c6\" data-element_type=\"container\">\n\t\t\t\t<div class=\"elementor-element elementor-element-30487f0 elementor-align-start elementor-list-item-link-full_width elementor-widget elementor-widget-icon-list\" data-id=\"30487f0\" data-element_type=\"widget\" data-widget_type=\"icon-list.default\">\n\t\t\t\t<div class=\"elementor-widget-container\">\n\t\t\t\t\t\t\t<ul class=\"elementor-icon-list-items\">\n\t\t\t\t\t\t\t<li class=\"elementor-icon-list-item\">\n\t\t\t\t\t\t\t\t\t\t\t<span class=\"elementor-icon-list-icon\">\n\t\t\t\t\t\t\t<i aria-hidden=\"true\" class=\"far fa-check-circle\"><\/i>\t\t\t\t\t\t<\/span>\n\t\t\t\t\t\t\t\t\t\t<span class=\"elementor-icon-list-text\">1 an de garantie illimit\u00e9e<\/span>\n\t\t\t\t\t\t\t\t\t<\/li>\n\t\t\t\t\t\t\t\t<li class=\"elementor-icon-list-item\">\n\t\t\t\t\t\t\t\t\t\t\t<span class=\"elementor-icon-list-icon\">\n\t\t\t\t\t\t\t<i aria-hidden=\"true\" class=\"far fa-check-circle\"><\/i>\t\t\t\t\t\t<\/span>\n\t\t\t\t\t\t\t\t\t\t<span class=\"elementor-icon-list-text\">Traitement indolore<\/span>\n\t\t\t\t\t\t\t\t\t<\/li>\n\t\t\t\t\t\t\t\t<li class=\"elementor-icon-list-item\">\n\t\t\t\t\t\t\t\t\t\t\t<span class=\"elementor-icon-list-icon\">\n\t\t\t\t\t\t\t<i aria-hidden=\"true\" class=\"far fa-check-circle\"><\/i>\t\t\t\t\t\t<\/span>\n\t\t\t\t\t\t\t\t\t\t<span class=\"elementor-icon-list-text\">Processus exclusif<\/span>\n\t\t\t\t\t\t\t\t\t<\/li>\n\t\t\t\t\t\t<\/ul>\n\t\t\t\t\t\t<\/div>\n\t\t\t\t<\/div>\n\t\t\t\t<\/div>\n\t\t<div class=\"elementor-element elementor-element-1e4689d e-con-full e-flex e-con e-child\" data-id=\"1e4689d\" data-element_type=\"container\">\n\t\t\t\t<div class=\"elementor-element elementor-element-2a0292d elementor-align-start elementor-list-item-link-full_width elementor-widget elementor-widget-icon-list\" data-id=\"2a0292d\" data-element_type=\"widget\" data-widget_type=\"icon-list.default\">\n\t\t\t\t<div class=\"elementor-widget-container\">\n\t\t\t\t\t\t\t<ul class=\"elementor-icon-list-items\">\n\t\t\t\t\t\t\t<li class=\"elementor-icon-list-item\">\n\t\t\t\t\t\t\t\t\t\t\t<span class=\"elementor-icon-list-icon\">\n\t\t\t\t\t\t\t<i aria-hidden=\"true\" class=\"far fa-check-circle\"><\/i>\t\t\t\t\t\t<\/span>\n\t\t\t\t\t\t\t\t\t\t<span class=\"elementor-icon-list-text\">Disponible 6 jours par semaine<\/span>\n\t\t\t\t\t\t\t\t\t<\/li>\n\t\t\t\t\t\t\t\t<li class=\"elementor-icon-list-item\">\n\t\t\t\t\t\t\t\t\t\t\t<span class=\"elementor-icon-list-icon\">\n\t\t\t\t\t\t\t<i aria-hidden=\"true\" class=\"far fa-check-circle\"><\/i>\t\t\t\t\t\t<\/span>\n\t\t\t\t\t\t\t\t\t\t<span class=\"elementor-icon-list-text\">Coaching personnalis\u00e9<\/span>\n\t\t\t\t\t\t\t\t\t<\/li>\n\t\t\t\t\t\t\t\t<li class=\"elementor-icon-list-item\">\n\t\t\t\t\t\t\t\t\t\t\t<span class=\"elementor-icon-list-icon\">\n\t\t\t\t\t\t\t<i aria-hidden=\"true\" class=\"far fa-check-circle\"><\/i>\t\t\t\t\t\t<\/span>\n\t\t\t\t\t\t\t\t\t\t<span class=\"elementor-icon-list-text\">Photobiomodulation pour arr\u00eater de fumer<\/span>\n\t\t\t\t\t\t\t\t\t<\/li>\n\t\t\t\t\t\t<\/ul>\n\t\t\t\t\t\t<\/div>\n\t\t\t\t<\/div>\n\t\t\t\t<\/div>\n\t\t\t\t\t<\/div>\n\t\t\t\t<\/div>\n\t\t<div class=\"elementor-element elementor-element-813956d e-flex e-con-boxed e-con e-parent\" data-id=\"813956d\" data-element_type=\"container\" data-settings=\"{&quot;background_background&quot;:&quot;classic&quot;}\">\n\t\t\t\t\t<div class=\"e-con-inner\">\n\t\t<div class=\"elementor-element elementor-element-a7e0301 e-con-full e-flex e-con e-child\" data-id=\"a7e0301\" data-element_type=\"container\">\n\t\t\t\t<div class=\"elementor-element elementor-element-9d9a675 elementor-widget elementor-widget-heading\" data-id=\"9d9a675\" data-element_type=\"widget\" data-widget_type=\"heading.default\">\n\t\t\t\t<div class=\"elementor-widget-container\">\n\t\t\t\t\t<h3 class=\"elementor-heading-title elementor-size-default\">Encore plus proche de vos <span style=\"color: #5CC5B3\">employ\u00e9s<\/span><\/h3>\t\t\t\t<\/div>\n\t\t\t\t<\/div>\n\t\t\t\t<div class=\"elementor-element elementor-element-1fe298f elementor-widget elementor-widget-text-editor\" data-id=\"1fe298f\" data-element_type=\"widget\" data-widget_type=\"text-editor.default\">\n\t\t\t\t<div class=\"elementor-widget-container\">\n\t\t\t\t\t\t\t\t\t<p>laserOstop peut contribuer jusqu&rsquo;\u00e0 100 % de votre investissement. Pour en savoir plus, contactez l&rsquo;un de nos centres aujourd&rsquo;hui.<\/p>\t\t\t\t\t\t\t\t<\/div>\n\t\t\t\t<\/div>\n\t\t\t\t<div class=\"elementor-element elementor-element-5690b9f elementor-align-left elementor-tablet-align-left elementor-mobile-align-justify elementor-widget elementor-widget-button\" data-id=\"5690b9f\" data-element_type=\"widget\" data-widget_type=\"button.default\">\n\t\t\t\t<div class=\"elementor-widget-container\">\n\t\t\t\t\t\t\t\t\t<div class=\"elementor-button-wrapper\">\n\t\t\t\t\t<a class=\"elementor-button elementor-button-link elementor-size-md\" href=\"https:\/\/www.laserostop.mu\/fr\/centres-stop-tabac-laserostop-ile-maurice\/\">\n\t\t\t\t\t\t<span class=\"elementor-button-content-wrapper\">\n\t\t\t\t\t\t\t\t\t<span class=\"elementor-button-text\">Voir nos centres<\/span>\n\t\t\t\t\t<\/span>\n\t\t\t\t\t<\/a>\n\t\t\t\t<\/div>\n\t\t\t\t\t\t\t\t<\/div>\n\t\t\t\t<\/div>\n\t\t\t\t<\/div>\n\t\t\t\t\t<\/div>\n\t\t\t\t<\/div>\n\t\t\t\t<\/div>\n\t\t","protected":false},"excerpt":{"rendered":"<p>Arr\u00eat du tabac en milieu de travail : laserOstop soutient votre entreprise Avez-vous un probl\u00e8me de tabagisme au sein de votre entreprise? Aider vos employ\u00e9s \u00e0 arr\u00eater de fumer ne concerne pas seulement leur sant\u00e9, mais aussi celle de votre entreprise! De nombreuses entreprises ont pris cette initiative, car le bien-\u00eatre des employ\u00e9s a un&hellip;<\/p>\n","protected":false},"author":1,"featured_media":127498,"parent":0,"menu_order":20,"comment_status":"closed","ping_status":"closed","template":"elementor_header_footer","meta":{"inline_featured_image":false,"_analytify_skip_tracking":false,"footnotes":""},"class_list":["post-127688","page","type-page","status-publish","has-post-thumbnail","hentry"],"_links":{"self":[{"href":"https:\/\/www.laserostop.mu\/fr\/wp-json\/wp\/v2\/pages\/127688","targetHints":{"allow":["GET"]}}],"collection":[{"href":"https:\/\/www.laserostop.mu\/fr\/wp-json\/wp\/v2\/pages"}],"about":[{"href":"https:\/\/www.laserostop.mu\/fr\/wp-json\/wp\/v2\/types\/page"}],"author":[{"embeddable":true,"href":"https:\/\/www.laserostop.mu\/fr\/wp-json\/wp\/v2\/users\/1"}],"replies":[{"embeddable":true,"href":"https:\/\/www.laserostop.mu\/fr\/wp-json\/wp\/v2\/comments?post=127688"}],"version-history":[{"count":14,"href":"https:\/\/www.laserostop.mu\/fr\/wp-json\/wp\/v2\/pages\/127688\/revisions"}],"predecessor-version":[{"id":128624,"href":"https:\/\/www.laserostop.mu\/fr\/wp-json\/wp\/v2\/pages\/127688\/revisions\/128624"}],"wp:featuredmedia":[{"embeddable":true,"href":"https:\/\/www.laserostop.mu\/fr\/wp-json\/wp\/v2\/media\/127498"}],"wp:attachment":[{"href":"https:\/\/www.laserostop.mu\/fr\/wp-json\/wp\/v2\/media?parent=127688"}],"curies":[{"name":"wp","href":"https:\/\/api.w.org\/{rel}","templated":true}]}}