{"id":128854,"date":"2025-01-06T13:49:31","date_gmt":"2025-01-06T13:49:31","guid":{"rendered":"https:\/\/www.laserostop.mu\/imprint\/"},"modified":"2025-01-06T13:59:47","modified_gmt":"2025-01-06T13:59:47","slug":"imprint","status":"publish","type":"page","link":"https:\/\/www.laserostop.mu\/fr\/imprint\/","title":{"rendered":"Imprint"},"content":{"rendered":"\t\t<div data-elementor-type=\"wp-page\" data-elementor-id=\"128854\" class=\"elementor elementor-128854 elementor-128826\" data-elementor-post-type=\"page\">\n\t\t\t\t<div class=\"elementor-element elementor-element-bc07216 e-flex e-con-boxed e-con e-parent\" data-id=\"bc07216\" data-element_type=\"container\" data-settings=\"{&quot;background_background&quot;:&quot;classic&quot;}\">\n\t\t\t\t\t<div class=\"e-con-inner\">\n\t\t<div class=\"elementor-element elementor-element-cf3686e e-con-full e-flex e-con e-child\" data-id=\"cf3686e\" data-element_type=\"container\">\n\t\t\t\t<div class=\"elementor-element elementor-element-e0943bc elementor-widget elementor-widget-heading\" data-id=\"e0943bc\" data-element_type=\"widget\" data-widget_type=\"heading.default\">\n\t\t\t\t<div class=\"elementor-widget-container\">\n\t\t\t\t\t<h1 class=\"elementor-heading-title elementor-size-default\">Imprint<\/h1>\t\t\t\t<\/div>\n\t\t\t\t<\/div>\n\t\t\t\t<\/div>\n\t\t\t\t\t<\/div>\n\t\t\t\t<\/div>\n\t\t<div class=\"elementor-element elementor-element-46253437 e-flex e-con-boxed e-con e-parent\" data-id=\"46253437\" data-element_type=\"container\">\n\t\t\t\t\t<div class=\"e-con-inner\">\n\t\t\t\t<div class=\"elementor-element elementor-element-5a39696f elementor-widget elementor-widget-shortcode\" data-id=\"5a39696f\" data-element_type=\"widget\" data-widget_type=\"shortcode.default\">\n\t\t\t\t<div class=\"elementor-widget-container\">\n\t\t\t\t\t\t\t<div class=\"elementor-shortcode\">\n<!-- Legal document generated by Complianz | GDPR\/CCPA Cookie Consent https:\/\/wordpress.org\/plugins\/complianz-gdpr -->\n<div id=\"cmplz-document\" class=\"cmplz-document impressum cmplz-document-all\"><p><i>Cette imprint a \u00e9t\u00e9 mise \u00e0 jour pour la derni\u00e8re fois le 02\/03\/2025.<\/i><\/p><p class=\"cmplz-subtitle\">Le propri\u00e9taire de ce site web est\u00a0:<\/p><p>SAS LASEROSTOP SARL<br>31 Impasse Pao, 83110 Sanary-sur-Mer<br>Maurice<br>E-mail\u00a0:&nbsp;<span class=\"cmplz-obfuscate\">&#099;&#111;nt&#097;c&#116;@<span class=\"cmplz-fmail-domain\">ex&#046;c&#111;m<\/span>l&#097;&#115;er&#111;&#115;&#116;&#111;&#112;&#046;com<\/span><br>Num\u00e9ro de t\u00e9l\u00e9phone\u00a0: +336 40 63 10 60<br>ID TVA\u00a0:&nbsp;FR01889919189<\/p><p class=\"cmplz-subtitle\">Le(s) repr\u00e9sentant(s) l\u00e9gal(aux) de SAS LASEROSTOP SARL\u00a0:<\/p><p>laserOstop<\/p><h2>1. G\u00e9n\u00e9ral<\/h2><p class=\"cmplz-subtitle\">1.1 Nous sommes enregistr\u00e9s chez Registre du Commerce et des Soci\u00e9t\u00e9s de Toulon sous le num\u00e9ro de licence ou d\u2019enregistrement\u00a0:<\/p><p>889 919 189 00023<\/p><p>Nous ne sommes ni dispos\u00e9s ni oblig\u00e9s de participer \u00e0 des proc\u00e9dures de r\u00e8glement des litiges devant une commission d\u2019arbitrage des consommateurs.<\/p><\/div><\/div>\n\t\t\t\t\t\t<\/div>\n\t\t\t\t<\/div>\n\t\t\t\t\t<\/div>\n\t\t\t\t<\/div>\n\t\t\t\t<\/div>\n\t\t","protected":false},"excerpt":{"rendered":"<p>Cette imprint a \u00e9t\u00e9 mise \u00e0 jour pour la derni\u00e8re fois le 02\/03\/2025.Le propri\u00e9taire de ce site web est\u00a0:SAS LASEROSTOP SARL31 Impasse Pao, 83110 Sanary-sur-MerMauriceE-mail\u00a0:&nbsp;c&#111;nt&#097;c&#116;@e&#120;&#046;co&#109;&#108;a&#115;e&#114;o&#115;&#116;op&#046;c&#111;mNum\u00e9ro de t\u00e9l\u00e9phone\u00a0: +336 40 63 10 60ID TVA\u00a0:&nbsp;FR01889919189Le(s) repr\u00e9sentant(s) l\u00e9gal(aux) de SAS LASEROSTOP SARL\u00a0:laserOstop1. G\u00e9n\u00e9ral1.1 Nous sommes enregistr\u00e9s chez Registre du Commerce et des Soci\u00e9t\u00e9s de Toulon sous le num\u00e9ro&hellip;<\/p>\n","protected":false},"author":1,"featured_media":0,"parent":0,"menu_order":0,"comment_status":"closed","ping_status":"closed","template":"","meta":{"inline_featured_image":false,"_analytify_skip_tracking":false,"footnotes":""},"class_list":["post-128854","page","type-page","status-publish","hentry"],"_links":{"self":[{"href":"https:\/\/www.laserostop.mu\/fr\/wp-json\/wp\/v2\/pages\/128854","targetHints":{"allow":["GET"]}}],"collection":[{"href":"https:\/\/www.laserostop.mu\/fr\/wp-json\/wp\/v2\/pages"}],"about":[{"href":"https:\/\/www.laserostop.mu\/fr\/wp-json\/wp\/v2\/types\/page"}],"author":[{"embeddable":true,"href":"https:\/\/www.laserostop.mu\/fr\/wp-json\/wp\/v2\/users\/1"}],"replies":[{"embeddable":true,"href":"https:\/\/www.laserostop.mu\/fr\/wp-json\/wp\/v2\/comments?post=128854"}],"version-history":[{"count":1,"href":"https:\/\/www.laserostop.mu\/fr\/wp-json\/wp\/v2\/pages\/128854\/revisions"}],"predecessor-version":[{"id":128855,"href":"https:\/\/www.laserostop.mu\/fr\/wp-json\/wp\/v2\/pages\/128854\/revisions\/128855"}],"wp:attachment":[{"href":"https:\/\/www.laserostop.mu\/fr\/wp-json\/wp\/v2\/media?parent=128854"}],"curies":[{"name":"wp","href":"https:\/\/api.w.org\/{rel}","templated":true}]}}